{"id":75,"date":"2025-12-08T14:48:03","date_gmt":"2025-12-08T13:48:03","guid":{"rendered":"https:\/\/test.fador.fr\/?page_id=75"},"modified":"2026-01-14T11:32:49","modified_gmt":"2026-01-14T10:32:49","slug":"accueil-2","status":"publish","type":"page","link":"https:\/\/fador.fr\/","title":{"rendered":"Accueil"},"content":{"rendered":"\t\t<div data-elementor-type=\"wp-page\" data-elementor-id=\"75\" class=\"elementor elementor-75\">\n\t\t\t\t<div class=\"elementor-element elementor-element-dc9283e e-flex e-con-boxed e-con e-parent\" data-id=\"dc9283e\" data-element_type=\"container\" data-settings=\"{&quot;background_background&quot;:&quot;classic&quot;}\">\n\t\t\t\t\t<div class=\"e-con-inner\">\n\t\t\t\t\t<\/div>\n\t\t\t\t<\/div>\n\t\t<div class=\"elementor-element elementor-element-1c3ef2f e-flex e-con-boxed e-con e-parent\" data-id=\"1c3ef2f\" data-element_type=\"container\">\n\t\t\t\t\t<div class=\"e-con-inner\">\n\t\t<div class=\"elementor-element elementor-element-07026d7 e-con-full e-flex e-con e-child\" data-id=\"07026d7\" data-element_type=\"container\">\n\t\t\t\t<div class=\"elementor-element elementor-element-25e8987 elementor-widget elementor-widget-heading\" data-id=\"25e8987\" data-element_type=\"widget\" data-widget_type=\"heading.default\">\n\t\t\t\t\t<h2 class=\"elementor-heading-title elementor-size-default\">La s\u00e9curit\u00e9 et la maintenance commencent par l'acc\u00e8s aux bonnes informations<\/h2>\t\t\t\t<\/div>\n\t\t\t\t<div class=\"elementor-element elementor-element-608cc48 elementor-widget elementor-widget-text-editor\" data-id=\"608cc48\" data-element_type=\"widget\" data-widget_type=\"text-editor.default\">\n\t\t\t\t\t\t\t\t\tNous accompagnons nos partenaires :\n<ul>\n \t<li>Gestionnaires priv\u00e9s d&rsquo;infrastructures<\/li>\n \t<li>Collectivit\u00e9s<\/li>\n \t<li>Organisateurs d&rsquo;\u00e9v\u00e8nements<\/li>\n<\/ul>\nDans la production, la structuration et l&rsquo;int\u00e9gration num\u00e9rique des informations essentielles\u00a0<span style=\"font-style: inherit; font-weight: inherit;\">(organisation, maintenance, s\u00e9curit\u00e9).<\/span>\t\t\t\t\t\t\t\t<\/div>\n\t\t\t\t<div class=\"elementor-element elementor-element-f4cc6fe elementor-widget elementor-widget-image\" data-id=\"f4cc6fe\" data-element_type=\"widget\" data-widget_type=\"image.default\">\n\t\t\t\t\t\t\t\t\t\t\t\t\t\t\t<img decoding=\"async\" width=\"300\" height=\"80\" src=\"https:\/\/fador.fr\/wp-content\/uploads\/2026\/01\/Capture-decran-2026-01-08-a-14.29.17-300x80.png\" class=\"attachment-medium size-medium wp-image-321\" alt=\"\" srcset=\"https:\/\/fador.fr\/wp-content\/uploads\/2026\/01\/Capture-decran-2026-01-08-a-14.29.17-300x80.png 300w, https:\/\/fador.fr\/wp-content\/uploads\/2026\/01\/Capture-decran-2026-01-08-a-14.29.17-768x205.png 768w, https:\/\/fador.fr\/wp-content\/uploads\/2026\/01\/Capture-decran-2026-01-08-a-14.29.17.png 990w\" sizes=\"(max-width: 300px) 100vw, 300px\" \/>\t\t\t\t\t\t\t\t\t\t\t\t\t\t\t<\/div>\n\t\t\t\t<div class=\"elementor-element elementor-element-75f5e0d elementor-widget elementor-widget-text-editor\" data-id=\"75f5e0d\" data-element_type=\"widget\" data-widget_type=\"text-editor.default\">\n\t\t\t\t\t\t\t\t\t<p>Gr\u00e2ce \u00e0 nos expertises int\u00e9gr\u00e9es, au croisement du terrain, de la s\u00e9curit\u00e9 et de la technologie, nous transformons chaque site en un environnement fiable, lisible et exploitable en situation d&rsquo;urgence.<\/p>\t\t\t\t\t\t\t\t<\/div>\n\t\t\t\t<\/div>\n\t\t<div class=\"elementor-element elementor-element-b194fba e-con-full e-flex e-con e-child\" data-id=\"b194fba\" data-element_type=\"container\">\n\t\t\t\t<div class=\"elementor-element elementor-element-e90b6eb elementor-widget elementor-widget-image\" data-id=\"e90b6eb\" data-element_type=\"widget\" data-widget_type=\"image.default\">\n\t\t\t\t\t\t\t\t\t\t\t\t\t\t\t<img fetchpriority=\"high\" decoding=\"async\" width=\"612\" height=\"408\" src=\"https:\/\/fador.fr\/wp-content\/uploads\/2026\/01\/istockphoto-1934523700-612x612-1.jpg\" class=\"attachment-large size-large wp-image-293\" alt=\"\" srcset=\"https:\/\/fador.fr\/wp-content\/uploads\/2026\/01\/istockphoto-1934523700-612x612-1.jpg 612w, https:\/\/fador.fr\/wp-content\/uploads\/2026\/01\/istockphoto-1934523700-612x612-1-300x200.jpg 300w\" sizes=\"(max-width: 612px) 100vw, 612px\" \/>\t\t\t\t\t\t\t\t\t\t\t\t\t\t\t<\/div>\n\t\t\t\t<div class=\"elementor-element elementor-element-0444588 elementor-align-center elementor-widget elementor-widget-button\" data-id=\"0444588\" data-element_type=\"widget\" data-widget_type=\"button.default\">\n\t\t\t\t\t\t\t\t\t\t<a class=\"elementor-button elementor-button-link elementor-size-sm\" href=\"https:\/\/fador.fr\/?page_id=89\">\n\t\t\t\t\t\t<span class=\"elementor-button-content-wrapper\">\n\t\t\t\t\t\t\t\t\t<span class=\"elementor-button-text\">En savoir plus<\/span>\n\t\t\t\t\t<\/span>\n\t\t\t\t\t<\/a>\n\t\t\t\t\t\t\t\t<\/div>\n\t\t\t\t<\/div>\n\t\t\t\t\t<\/div>\n\t\t\t\t<\/div>\n\t\t<div class=\"elementor-element elementor-element-e239eb2 e-flex e-con-boxed e-con e-parent\" data-id=\"e239eb2\" data-element_type=\"container\">\n\t\t\t\t\t<div class=\"e-con-inner\">\n\t\t<div class=\"elementor-element elementor-element-7f818c0 e-con-full e-flex e-con e-child\" data-id=\"7f818c0\" data-element_type=\"container\">\n\t\t\t\t<div class=\"elementor-element elementor-element-e8b3c4e elementor-widget elementor-widget-heading\" data-id=\"e8b3c4e\" data-element_type=\"widget\" data-widget_type=\"heading.default\">\n\t\t\t\t\t<h2 class=\"elementor-heading-title elementor-size-default\">FADOR Analyse &amp; Solutions<\/h2>\t\t\t\t<\/div>\n\t\t\t\t<div class=\"elementor-element elementor-element-77ad93c elementor-widget elementor-widget-text-editor\" data-id=\"77ad93c\" data-element_type=\"widget\" data-widget_type=\"text-editor.default\">\n\t\t\t\t\t\t\t\t\t<p>Notre <strong>bureau d&rsquo;\u00e9tude technique et op\u00e9rationnel<\/strong>, assure l&rsquo;ensemble de la cha\u00eene de valeur :<\/p><p>Acquisition &gt; Expertise &gt; Int\u00e9gration &gt; Centralisation<\/p><p>Pour r\u00e9pondre aux besoins sp\u00e9cifiques de nos clients, nous avons d\u00e9velopp\u00e9 la solution <strong>EDGAR\u00ae<\/strong>\u00a0<i>(en cours de validation institutionnelle)<\/i>.\u00a0<\/p><p>Un \u00e9cosyst\u00e8me innovant qui accompagne au quotidien nos partenaires engag\u00e9s dans leurs d\u00e9marches de pr\u00e9vention, de responsabilit\u00e9 et de protection.<\/p>\t\t\t\t\t\t\t\t<\/div>\n\t\t\t\t<\/div>\n\t\t<div class=\"elementor-element elementor-element-c7cbd36 e-con-full e-flex e-con e-child\" data-id=\"c7cbd36\" data-element_type=\"container\">\n\t\t\t\t<div class=\"elementor-element elementor-element-8f0d049 elementor-widget elementor-widget-image\" data-id=\"8f0d049\" data-element_type=\"widget\" data-widget_type=\"image.default\">\n\t\t\t\t\t\t\t\t\t\t\t\t\t\t\t<img decoding=\"async\" width=\"150\" height=\"150\" src=\"https:\/\/fador.fr\/wp-content\/uploads\/2025\/12\/force-ouge-transparent-150x150.png\" class=\"attachment-thumbnail size-thumbnail wp-image-31\" alt=\"\" srcset=\"https:\/\/fador.fr\/wp-content\/uploads\/2025\/12\/elementor\/thumbs\/force-ouge-transparent-rfr4wa6xbqih9rhwoqyxnkkhpw08i8md54h29m6tzw.png 150w, https:\/\/fador.fr\/wp-content\/uploads\/2025\/12\/force-ouge-transparent-300x300.png 300w, https:\/\/fador.fr\/wp-content\/uploads\/2025\/12\/force-ouge-transparent-1024x1024.png 1024w, https:\/\/fador.fr\/wp-content\/uploads\/2025\/12\/force-ouge-transparent-768x768.png 768w, https:\/\/fador.fr\/wp-content\/uploads\/2025\/12\/force-ouge-transparent-1536x1536.png 1536w, https:\/\/fador.fr\/wp-content\/uploads\/2025\/12\/elementor\/thumbs\/force-ouge-transparent-rfr4wa6zrg3chrtdikp9vq97skfhtr1swpnekf5a24.png 350w, https:\/\/fador.fr\/wp-content\/uploads\/2025\/12\/elementor\/thumbs\/force-ouge-transparent-rfr4wa6x2yr6y5v5sysp8cstif5wrvz7yrk11c3dzo.png 130w, https:\/\/fador.fr\/wp-content\/uploads\/2025\/12\/force-ouge-transparent.png 1772w\" sizes=\"(max-width: 150px) 100vw, 150px\" \/>\t\t\t\t\t\t\t\t\t\t\t\t\t\t\t<\/div>\n\t\t\t\t<div class=\"elementor-element elementor-element-8112aed elementor-widget elementor-widget-image\" data-id=\"8112aed\" data-element_type=\"widget\" data-widget_type=\"image.default\">\n\t\t\t\t\t\t\t\t\t\t\t\t\t\t\t<img loading=\"lazy\" decoding=\"async\" width=\"150\" height=\"150\" src=\"https:\/\/fador.fr\/wp-content\/uploads\/2025\/12\/force-bleu-transparent-150x150.png\" class=\"attachment-thumbnail size-thumbnail wp-image-32\" alt=\"\" srcset=\"https:\/\/fador.fr\/wp-content\/uploads\/2025\/12\/force-bleu-transparent-150x150.png 150w, https:\/\/fador.fr\/wp-content\/uploads\/2025\/12\/force-bleu-transparent-300x300.png 300w, https:\/\/fador.fr\/wp-content\/uploads\/2025\/12\/force-bleu-transparent-1024x1024.png 1024w, https:\/\/fador.fr\/wp-content\/uploads\/2025\/12\/force-bleu-transparent-768x768.png 768w, https:\/\/fador.fr\/wp-content\/uploads\/2025\/12\/force-bleu-transparent-1536x1536.png 1536w, https:\/\/fador.fr\/wp-content\/uploads\/2025\/12\/elementor\/thumbs\/force-bleu-transparent-rfr4x57lchxnlam3ru7e0mz144x0twed3131vgteac.png 130w, https:\/\/fador.fr\/wp-content\/uploads\/2025\/12\/force-bleu-transparent.png 1772w\" sizes=\"(max-width: 150px) 100vw, 150px\" \/>\t\t\t\t\t\t\t\t\t\t\t\t\t\t\t<\/div>\n\t\t\t\t<div class=\"elementor-element elementor-element-35b5060 elementor-widget elementor-widget-image\" data-id=\"35b5060\" data-element_type=\"widget\" data-widget_type=\"image.default\">\n\t\t\t\t\t\t\t\t\t\t\t\t\t\t\t<img loading=\"lazy\" decoding=\"async\" width=\"150\" height=\"150\" src=\"https:\/\/fador.fr\/wp-content\/uploads\/2025\/12\/force-vert-transparent-150x150.png\" class=\"attachment-thumbnail size-thumbnail wp-image-33\" alt=\"\" srcset=\"https:\/\/fador.fr\/wp-content\/uploads\/2025\/12\/force-vert-transparent-150x150.png 150w, https:\/\/fador.fr\/wp-content\/uploads\/2025\/12\/force-vert-transparent-300x300.png 300w, https:\/\/fador.fr\/wp-content\/uploads\/2025\/12\/force-vert-transparent-1024x1024.png 1024w, https:\/\/fador.fr\/wp-content\/uploads\/2025\/12\/force-vert-transparent-768x768.png 768w, https:\/\/fador.fr\/wp-content\/uploads\/2025\/12\/force-vert-transparent-1536x1536.png 1536w, https:\/\/fador.fr\/wp-content\/uploads\/2025\/12\/elementor\/thumbs\/force-vert-transparent-rfr4xjb670gyfg1mhiask1ey0wzj1cyc4yvc2m8hp0.png 130w, https:\/\/fador.fr\/wp-content\/uploads\/2025\/12\/force-vert-transparent.png 1772w\" sizes=\"(max-width: 150px) 100vw, 150px\" \/>\t\t\t\t\t\t\t\t\t\t\t\t\t\t\t<\/div>\n\t\t\t\t<\/div>\n\t\t\t\t\t<\/div>\n\t\t\t\t<\/div>\n\t\t<div class=\"elementor-element elementor-element-1d2cd80 e-flex e-con-boxed e-con e-parent\" data-id=\"1d2cd80\" data-element_type=\"container\" data-settings=\"{&quot;background_background&quot;:&quot;classic&quot;}\">\n\t\t\t\t\t<div class=\"e-con-inner\">\n\t\t\t\t\t<\/div>\n\t\t\t\t<\/div>\n\t\t\t\t<\/div>\n\t\t","protected":false},"excerpt":{"rendered":"<p>La s\u00e9curit\u00e9 et la maintenance commencent par l&rsquo;acc\u00e8s aux bonnes informations Nous accompagnons nos partenaires : Gestionnaires priv\u00e9s d&rsquo;infrastructures Collectivit\u00e9s [&hellip;]<\/p>\n","protected":false},"author":1,"featured_media":0,"parent":0,"menu_order":0,"comment_status":"closed","ping_status":"closed","template":"","meta":{"site-sidebar-layout":"no-sidebar","site-content-layout":"","ast-site-content-layout":"full-width-container","site-content-style":"default","site-sidebar-style":"default","ast-global-header-display":"","ast-banner-title-visibility":"","ast-main-header-display":"","ast-hfb-above-header-display":"","ast-hfb-below-header-display":"","ast-hfb-mobile-header-display":"","site-post-title":"disabled","ast-breadcrumbs-content":"","ast-featured-img":"disabled","footer-sml-layout":"","theme-transparent-header-meta":"","adv-header-id-meta":"","stick-header-meta":"","header-above-stick-meta":"","header-main-stick-meta":"","header-below-stick-meta":"","astra-migrate-meta-layouts":"default","ast-page-background-enabled":"default","ast-page-background-meta":{"desktop":{"background-color":"var(--ast-global-color-5)","background-image":"","background-repeat":"repeat","background-position":"center center","background-size":"auto","background-attachment":"scroll","background-type":"","background-media":"","overlay-type":"","overlay-color":"","overlay-opacity":"","overlay-gradient":""},"tablet":{"background-color":"","background-image":"","background-repeat":"repeat","background-position":"center center","background-size":"auto","background-attachment":"scroll","background-type":"","background-media":"","overlay-type":"","overlay-color":"","overlay-opacity":"","overlay-gradient":""},"mobile":{"background-color":"","background-image":"","background-repeat":"repeat","background-position":"center center","background-size":"auto","background-attachment":"scroll","background-type":"","background-media":"","overlay-type":"","overlay-color":"","overlay-opacity":"","overlay-gradient":""}},"ast-content-background-meta":{"desktop":{"background-color":"var(--ast-global-color-4)","background-image":"","background-repeat":"repeat","background-position":"center center","background-size":"auto","background-attachment":"scroll","background-type":"","background-media":"","overlay-type":"","overlay-color":"","overlay-opacity":"","overlay-gradient":""},"tablet":{"background-color":"var(--ast-global-color-4)","background-image":"","background-repeat":"repeat","background-position":"center center","background-size":"auto","background-attachment":"scroll","background-type":"","background-media":"","overlay-type":"","overlay-color":"","overlay-opacity":"","overlay-gradient":""},"mobile":{"background-color":"var(--ast-global-color-4)","background-image":"","background-repeat":"repeat","background-position":"center center","background-size":"auto","background-attachment":"scroll","background-type":"","background-media":"","overlay-type":"","overlay-color":"","overlay-opacity":"","overlay-gradient":""}},"footnotes":""},"class_list":["post-75","page","type-page","status-publish","hentry"],"_links":{"self":[{"href":"https:\/\/fador.fr\/index.php?rest_route=\/wp\/v2\/pages\/75","targetHints":{"allow":["GET"]}}],"collection":[{"href":"https:\/\/fador.fr\/index.php?rest_route=\/wp\/v2\/pages"}],"about":[{"href":"https:\/\/fador.fr\/index.php?rest_route=\/wp\/v2\/types\/page"}],"author":[{"embeddable":true,"href":"https:\/\/fador.fr\/index.php?rest_route=\/wp\/v2\/users\/1"}],"replies":[{"embeddable":true,"href":"https:\/\/fador.fr\/index.php?rest_route=%2Fwp%2Fv2%2Fcomments&post=75"}],"version-history":[{"count":122,"href":"https:\/\/fador.fr\/index.php?rest_route=\/wp\/v2\/pages\/75\/revisions"}],"predecessor-version":[{"id":347,"href":"https:\/\/fador.fr\/index.php?rest_route=\/wp\/v2\/pages\/75\/revisions\/347"}],"wp:attachment":[{"href":"https:\/\/fador.fr\/index.php?rest_route=%2Fwp%2Fv2%2Fmedia&parent=75"}],"curies":[{"name":"wp","href":"https:\/\/api.w.org\/{rel}","templated":true}]}}