{"id":89,"date":"2025-12-08T15:01:05","date_gmt":"2025-12-08T14:01:05","guid":{"rendered":"https:\/\/test.fador.fr\/?page_id=89"},"modified":"2026-01-14T11:54:44","modified_gmt":"2026-01-14T10:54:44","slug":"a-propos-2","status":"publish","type":"page","link":"https:\/\/fador.fr\/?page_id=89","title":{"rendered":"\u00c0 propos"},"content":{"rendered":"\t\t<div data-elementor-type=\"wp-page\" data-elementor-id=\"89\" class=\"elementor elementor-89\">\n\t\t\t\t<div class=\"elementor-element elementor-element-6ec55f7 e-flex e-con-boxed e-con e-parent\" data-id=\"6ec55f7\" data-element_type=\"container\" data-settings=\"{&quot;background_background&quot;:&quot;classic&quot;}\">\n\t\t\t\t\t<div class=\"e-con-inner\">\n\t\t\t\t<div class=\"elementor-element elementor-element-48c452b elementor-widget elementor-widget-text-editor\" data-id=\"48c452b\" data-element_type=\"widget\" data-widget_type=\"text-editor.default\">\n\t\t\t\t\t\t\t\t\t<p><strong>Anticiper<\/strong> et <strong>Comprendre<\/strong> pour <strong>Prot\u00e9ger<\/strong><\/p>\t\t\t\t\t\t\t\t<\/div>\n\t\t\t\t\t<\/div>\n\t\t\t\t<\/div>\n\t\t<div class=\"elementor-element elementor-element-6d4d613 e-flex e-con-boxed e-con e-parent\" data-id=\"6d4d613\" data-element_type=\"container\">\n\t\t\t\t\t<div class=\"e-con-inner\">\n\t\t<div class=\"elementor-element elementor-element-a96529d e-con-full e-flex e-con e-child\" data-id=\"a96529d\" data-element_type=\"container\">\n\t\t\t\t<div class=\"elementor-element elementor-element-8bb3b69 elementor-widget elementor-widget-heading\" data-id=\"8bb3b69\" data-element_type=\"widget\" data-widget_type=\"heading.default\">\n\t\t\t\t\t<h2 class=\"elementor-heading-title elementor-size-default\">Notre mission<\/h2>\t\t\t\t<\/div>\n\t\t\t\t<div class=\"elementor-element elementor-element-41f870c elementor-widget elementor-widget-text-editor\" data-id=\"41f870c\" data-element_type=\"widget\" data-widget_type=\"text-editor.default\">\n\t\t\t\t\t\t\t\t\t<p><strong>FADOR Analyse &amp; Solutions<\/strong> est n\u00e9 d&rsquo;une conviction : la s\u00e9curit\u00e9, la maintenance et l&rsquo;organisation doivent s&rsquo;appuyer sur une information compr\u00e9hensible, structur\u00e9e et accessible.<\/p><p>Cr\u00e9er par des anciens op\u00e9rationnels (unit\u00e9s du GIGN et services de secours) FADOR Analyse &amp; Solutions s&rsquo;appuie sur une triple expertise :<\/p><ul><li>L&rsquo;<strong>exp\u00e9rience op\u00e9rationnelle<\/strong> en gestion de crise<\/li><li>La ma\u00eetrise des <strong>technologies num\u00e9riques<\/strong> (drones, scanners, mod\u00e9lisation, int\u00e9gration et centralisation)<\/li><li>L&rsquo;<strong>analyse strat\u00e9gique<\/strong> au service des acteurs de terrain<\/li><\/ul><p>Gr\u00e2ce \u00e0 une analyse totalement ind\u00e9pendante, <strong>FADOR Analyse &amp; Solutions devient le tiers de confiance qui s\u00e9curise et valorise les informations critiques d&rsquo;un site.<\/strong><\/p>\t\t\t\t\t\t\t\t<\/div>\n\t\t\t\t<\/div>\n\t\t<div class=\"elementor-element elementor-element-aa81d4c e-con-full e-flex e-con e-child\" data-id=\"aa81d4c\" data-element_type=\"container\">\n\t\t\t\t<div class=\"elementor-element elementor-element-eba4460 elementor-widget elementor-widget-image\" data-id=\"eba4460\" data-element_type=\"widget\" data-widget_type=\"image.default\">\n\t\t\t\t\t\t\t\t\t\t\t\t\t\t\t<img fetchpriority=\"high\" decoding=\"async\" width=\"1680\" height=\"980\" src=\"https:\/\/fador.fr\/wp-content\/uploads\/2025\/12\/Capture-decran-2025-08-05-a-11.16.17.png\" class=\"attachment-full size-full wp-image-44\" alt=\"\" srcset=\"https:\/\/fador.fr\/wp-content\/uploads\/2025\/12\/Capture-decran-2025-08-05-a-11.16.17.png 1680w, https:\/\/fador.fr\/wp-content\/uploads\/2025\/12\/Capture-decran-2025-08-05-a-11.16.17-300x175.png 300w, https:\/\/fador.fr\/wp-content\/uploads\/2025\/12\/Capture-decran-2025-08-05-a-11.16.17-1024x597.png 1024w, https:\/\/fador.fr\/wp-content\/uploads\/2025\/12\/Capture-decran-2025-08-05-a-11.16.17-768x448.png 768w, https:\/\/fador.fr\/wp-content\/uploads\/2025\/12\/Capture-decran-2025-08-05-a-11.16.17-1536x896.png 1536w\" sizes=\"(max-width: 1680px) 100vw, 1680px\" \/>\t\t\t\t\t\t\t\t\t\t\t\t\t\t\t<\/div>\n\t\t\t\t<\/div>\n\t\t\t\t\t<\/div>\n\t\t\t\t<\/div>\n\t\t<div class=\"elementor-element elementor-element-9156c05 e-flex e-con-boxed e-con e-parent\" data-id=\"9156c05\" data-element_type=\"container\" data-settings=\"{&quot;background_background&quot;:&quot;classic&quot;}\">\n\t\t\t\t\t<div class=\"e-con-inner\">\n\t\t\t\t\t<\/div>\n\t\t\t\t<\/div>\n\t\t\t\t<\/div>\n\t\t","protected":false},"excerpt":{"rendered":"<p>Anticiper et Comprendre pour Prot\u00e9ger Notre mission FADOR Analyse &amp; Solutions est n\u00e9 d&rsquo;une conviction : la s\u00e9curit\u00e9, la maintenance [&hellip;]<\/p>\n","protected":false},"author":1,"featured_media":0,"parent":0,"menu_order":0,"comment_status":"closed","ping_status":"closed","template":"","meta":{"site-sidebar-layout":"no-sidebar","site-content-layout":"","ast-site-content-layout":"full-width-container","site-content-style":"default","site-sidebar-style":"default","ast-global-header-display":"","ast-banner-title-visibility":"","ast-main-header-display":"","ast-hfb-above-header-display":"","ast-hfb-below-header-display":"","ast-hfb-mobile-header-display":"","site-post-title":"disabled","ast-breadcrumbs-content":"","ast-featured-img":"disabled","footer-sml-layout":"","theme-transparent-header-meta":"","adv-header-id-meta":"","stick-header-meta":"","header-above-stick-meta":"","header-main-stick-meta":"","header-below-stick-meta":"","astra-migrate-meta-layouts":"default","ast-page-background-enabled":"default","ast-page-background-meta":{"desktop":{"background-color":"var(--ast-global-color-5)","background-image":"","background-repeat":"repeat","background-position":"center center","background-size":"auto","background-attachment":"scroll","background-type":"","background-media":"","overlay-type":"","overlay-color":"","overlay-opacity":"","overlay-gradient":""},"tablet":{"background-color":"","background-image":"","background-repeat":"repeat","background-position":"center center","background-size":"auto","background-attachment":"scroll","background-type":"","background-media":"","overlay-type":"","overlay-color":"","overlay-opacity":"","overlay-gradient":""},"mobile":{"background-color":"","background-image":"","background-repeat":"repeat","background-position":"center center","background-size":"auto","background-attachment":"scroll","background-type":"","background-media":"","overlay-type":"","overlay-color":"","overlay-opacity":"","overlay-gradient":""}},"ast-content-background-meta":{"desktop":{"background-color":"var(--ast-global-color-4)","background-image":"","background-repeat":"repeat","background-position":"center center","background-size":"auto","background-attachment":"scroll","background-type":"","background-media":"","overlay-type":"","overlay-color":"","overlay-opacity":"","overlay-gradient":""},"tablet":{"background-color":"var(--ast-global-color-4)","background-image":"","background-repeat":"repeat","background-position":"center center","background-size":"auto","background-attachment":"scroll","background-type":"","background-media":"","overlay-type":"","overlay-color":"","overlay-opacity":"","overlay-gradient":""},"mobile":{"background-color":"var(--ast-global-color-4)","background-image":"","background-repeat":"repeat","background-position":"center center","background-size":"auto","background-attachment":"scroll","background-type":"","background-media":"","overlay-type":"","overlay-color":"","overlay-opacity":"","overlay-gradient":""}},"footnotes":""},"class_list":["post-89","page","type-page","status-publish","hentry"],"_links":{"self":[{"href":"https:\/\/fador.fr\/index.php?rest_route=\/wp\/v2\/pages\/89","targetHints":{"allow":["GET"]}}],"collection":[{"href":"https:\/\/fador.fr\/index.php?rest_route=\/wp\/v2\/pages"}],"about":[{"href":"https:\/\/fador.fr\/index.php?rest_route=\/wp\/v2\/types\/page"}],"author":[{"embeddable":true,"href":"https:\/\/fador.fr\/index.php?rest_route=\/wp\/v2\/users\/1"}],"replies":[{"embeddable":true,"href":"https:\/\/fador.fr\/index.php?rest_route=%2Fwp%2Fv2%2Fcomments&post=89"}],"version-history":[{"count":52,"href":"https:\/\/fador.fr\/index.php?rest_route=\/wp\/v2\/pages\/89\/revisions"}],"predecessor-version":[{"id":351,"href":"https:\/\/fador.fr\/index.php?rest_route=\/wp\/v2\/pages\/89\/revisions\/351"}],"wp:attachment":[{"href":"https:\/\/fador.fr\/index.php?rest_route=%2Fwp%2Fv2%2Fmedia&parent=89"}],"curies":[{"name":"wp","href":"https:\/\/api.w.org\/{rel}","templated":true}]}}